{"id":1278,"date":"2025-05-28T06:59:45","date_gmt":"2025-05-28T06:59:45","guid":{"rendered":"https:\/\/jpm-projects.com\/accueil\/"},"modified":"2025-06-05T09:10:15","modified_gmt":"2025-06-05T09:10:15","slug":"accueil","status":"publish","type":"page","link":"http:\/\/jpm-projects.com\/fr\/","title":{"rendered":"Accueil"},"content":{"rendered":"<p>[vc_row row_type=\u00a0\u00bbparallax\u00a0\u00bb text_align=\u00a0\u00bbleft\u00a0\u00bb background_image=\u00a0\u00bb281&Prime; full_screen_section_height=\u00a0\u00bbyes\u00a0\u00bb vertically_align_content_in_middle=\u00a0\u00bbyes\u00a0\u00bb][vc_column][vc_empty_space height=\u00a0\u00bb130px\u00a0\u00bb][vc_row_inner row_type=\u00a0\u00bbrow\u00a0\u00bb type=\u00a0\u00bbgrid\u00a0\u00bb use_row_as_full_screen_section_slide=\u00a0\u00bbno\u00a0\u00bb text_align=\u00a0\u00bbleft\u00a0\u00bb css_animation=\u00a0\u00bbelement_from_top\u00a0\u00bb transition_delay=\u00a0\u00bb300&Prime;][vc_column_inner width=\u00a0\u00bb2\/3&Prime;][vc_column_text]<\/p>\n<h2>JPM Projects &amp; Consulting<\/h2>\n<p>[\/vc_column_text][vc_empty_space height=\u00a0\u00bb20px\u00a0\u00bb][\/vc_column_inner][vc_column_inner width=\u00a0\u00bb1\/3&Prime;][vc_empty_space][\/vc_column_inner][\/vc_row_inner][vc_row_inner row_type=\u00a0\u00bbrow\u00a0\u00bb type=\u00a0\u00bbgrid\u00a0\u00bb use_row_as_full_screen_section_slide=\u00a0\u00bbno\u00a0\u00bb text_align=\u00a0\u00bbleft\u00a0\u00bb css_animation=\u00a0\u00bbelement_from_top\u00a0\u00bb][vc_column_inner width=\u00a0\u00bb2\/3&Prime;][vc_column_text]<\/p>\n<h1 class=\"h1big\">Projets et consulting pour la restauration.<\/h1>\n<p>[\/vc_column_text][vc_empty_space height=\u00a0\u00bb40px\u00a0\u00bb][\/vc_column_inner][vc_column_inner width=\u00a0\u00bb1\/3&Prime;][vc_empty_space][\/vc_column_inner][\/vc_row_inner][vc_row_inner row_type=\u00a0\u00bbrow\u00a0\u00bb type=\u00a0\u00bbgrid\u00a0\u00bb use_row_as_full_screen_section_slide=\u00a0\u00bbno\u00a0\u00bb text_align=\u00a0\u00bbleft\u00a0\u00bb css_animation=\u00a0\u00bbelement_from_bottom\u00a0\u00bb transition_delay=\u00a0\u00bb400&Prime;][vc_column_inner width=\u00a0\u00bb1\/2&Prime;][vc_column_text]<\/p>\n<h3>Restauration<\/h3>\n<h3>H\u00f4tels<\/h3>\n<h3>Banquets<\/h3>\n<h3>\u00c9coles de restauration<\/h3>\n<p>[\/vc_column_text][vc_empty_space height=\u00a0\u00bb50px\u00a0\u00bb][\/vc_column_inner][vc_column_inner width=\u00a0\u00bb1\/2&Prime;][\/vc_column_inner][\/vc_row_inner][vc_row_inner row_type=\u00a0\u00bbrow\u00a0\u00bb type=\u00a0\u00bbgrid\u00a0\u00bb use_row_as_full_screen_section_slide=\u00a0\u00bbno\u00a0\u00bb text_align=\u00a0\u00bbleft\u00a0\u00bb css_animation=\u00a0\u00bbelement_from_left\u00a0\u00bb transition_delay=\u00a0\u00bb500&Prime;][vc_column_inner width=\u00a0\u00bb1\/2&Prime;][vc_column_text]<\/p>\n<h6>Un projet de Jean Pierre Marty<\/h6>\n<p>[\/vc_column_text][\/vc_column_inner][vc_column_inner width=\u00a0\u00bb1\/2&Prime;][\/vc_column_inner][\/vc_row_inner][vc_row_inner row_type=\u00a0\u00bbrow\u00a0\u00bb type=\u00a0\u00bbfull_width\u00a0\u00bb use_row_as_full_screen_section_slide=\u00a0\u00bbno\u00a0\u00bb text_align=\u00a0\u00bbleft\u00a0\u00bb css_animation=\u00a0\u00bb\u00a0\u00bb][vc_column_inner offset=\u00a0\u00bbvc_hidden-lg vc_hidden-md vc_hidden-sm\u00a0\u00bb][vc_empty_space height=\u00a0\u00bb80px\u00a0\u00bb][\/vc_column_inner][\/vc_row_inner][\/vc_column][\/vc_row][vc_row row_type=\u00a0\u00bbrow\u00a0\u00bb use_row_as_full_screen_section=\u00a0\u00bbno\u00a0\u00bb type=\u00a0\u00bbfull_width\u00a0\u00bb text_align=\u00a0\u00bbleft\u00a0\u00bb background_animation=\u00a0\u00bbnone\u00a0\u00bb css_animation=\u00a0\u00bb\u00a0\u00bb][vc_column][vc_empty_space height=\u00a0\u00bb80px\u00a0\u00bb][vc_row_inner row_type=\u00a0\u00bbrow\u00a0\u00bb type=\u00a0\u00bbgrid\u00a0\u00bb use_row_as_full_screen_section_slide=\u00a0\u00bbno\u00a0\u00bb text_align=\u00a0\u00bbleft\u00a0\u00bb css_animation=\u00a0\u00bbelement_from_right\u00a0\u00bb][vc_column_inner][qode_elements_holder number_of_columns=\u00a0\u00bbthree_columns\u00a0\u00bb][qode_elements_holder_item background_image=\u00a0\u00bb534&Prime; item_padding=\u00a0\u00bb6%\u00a0\u00bb vertical_alignment=\u00a0\u00bbtop\u00a0\u00bb][vc_empty_space height=\u00a0\u00bb20px\u00a0\u00bb][vc_column_text]<\/p>\n<h2 class=\"white\">Services<\/h2>\n<p>[\/vc_column_text][vc_empty_space height=\u00a0\u00bb20px\u00a0\u00bb][vc_column_text]<\/p>\n<h3 class=\"white\">Le consulting dirige au monde de la restauration.<br \/>\nLe consulting dirig\u00e9 au fabricants de materiel.<\/h3>\n<p>[\/vc_column_text][vc_empty_space height=\u00a0\u00bb60px\u00a0\u00bb]<a href=\"https:\/\/jpm-projects.com\/fr\/services\" target=\"_self\" data-hover-border-color='#ffffff' data-hover-color='#ffffff' class=\"qbutton  white\" style=\"\">Continuer<\/a>[vc_empty_space height=\u00a0\u00bb150px\u00a0\u00bb][\/qode_elements_holder_item][qode_elements_holder_item background_image=\u00a0\u00bb537&Prime; item_padding=\u00a0\u00bb6%\u00a0\u00bb vertical_alignment=\u00a0\u00bbtop\u00a0\u00bb][vc_empty_space height=\u00a0\u00bb20px\u00a0\u00bb][vc_column_text]<\/p>\n<h2 class=\"white\">References<\/h2>\n<p>[\/vc_column_text][vc_empty_space height=\u00a0\u00bb20px\u00a0\u00bb][vc_column_text]<\/p>\n<h3 class=\"white\">Mes clients<br \/>\nRestaurateurs et chaines de restauration<br \/>\nHotels<br \/>\nCabinets et d&rsquo;engineering<br \/>\nFabricants et installateurs<\/h3>\n<p>[\/vc_column_text][vc_empty_space height=\u00a0\u00bb60px\u00a0\u00bb]<a href=\"https:\/\/jpm-projects.com\/fr\/references\/hotels\" target=\"_self\" data-hover-border-color='#ffffff' data-hover-color='#ffffff' class=\"qbutton  white\" style=\"\">H\u00f4tels<\/a>[vc_empty_space height=\u00a0\u00bb10px\u00a0\u00bb]<a href=\"https:\/\/jpm-projects.com\/fr\/references\/restaurants\" target=\"_self\" data-hover-border-color='#ffffff' data-hover-color='#ffffff' class=\"qbutton  white\" style=\"\">Restaurants<\/a>[vc_empty_space height=\u00a0\u00bb10px\u00a0\u00bb]<a href=\"https:\/\/jpm-projects.com\/fr\/references\/autres\" target=\"_self\" data-hover-border-color='#ffffff' data-hover-color='#ffffff' class=\"qbutton  white\" style=\"\">Autres<\/a>[vc_empty_space height=\u00a0\u00bb150px\u00a0\u00bb][\/qode_elements_holder_item][qode_elements_holder_item background_image=\u00a0\u00bb536&Prime; item_padding=\u00a0\u00bb6%\u00a0\u00bb vertical_alignment=\u00a0\u00bbtop\u00a0\u00bb][vc_empty_space height=\u00a0\u00bb20px\u00a0\u00bb][vc_column_text]<\/p>\n<h2 class=\"white\">Portfolio<\/h2>\n<p>[\/vc_column_text][vc_empty_space height=\u00a0\u00bb20px\u00a0\u00bb][vc_column_text]<\/p>\n<h3 class=\"white\">35 ans d&rsquo;experience en porjets d&rsquo;engineering et d&rsquo;architecture por la restauration<\/h3>\n<p>[\/vc_column_text][vc_empty_space height=\u00a0\u00bb60px\u00a0\u00bb]<a href=\"https:\/\/jpm-projects.com\/fr\/portfolio\" target=\"_self\" data-hover-border-color='#ffffff' data-hover-color='#ffffff' class=\"qbutton  white\" style=\"\">Continuer<\/a>[vc_empty_space height=\u00a0\u00bb150px\u00a0\u00bb][\/qode_elements_holder_item][\/qode_elements_holder][\/vc_column_inner][\/vc_row_inner][\/vc_column][\/vc_row][vc_row row_type=\u00a0\u00bbrow\u00a0\u00bb use_row_as_full_screen_section=\u00a0\u00bbno\u00a0\u00bb type=\u00a0\u00bbfull_width\u00a0\u00bb text_align=\u00a0\u00bbleft\u00a0\u00bb background_animation=\u00a0\u00bbnone\u00a0\u00bb css_animation=\u00a0\u00bb\u00a0\u00bb][vc_column][vc_empty_space height=\u00a0\u00bb80px\u00a0\u00bb][vc_row_inner row_type=\u00a0\u00bbrow\u00a0\u00bb type=\u00a0\u00bbgrid\u00a0\u00bb use_row_as_full_screen_section_slide=\u00a0\u00bbno\u00a0\u00bb text_align=\u00a0\u00bbleft\u00a0\u00bb css_animation=\u00a0\u00bbelement_from_left\u00a0\u00bb][vc_column_inner width=\u00a0\u00bb1\/4&Prime;][\/vc_column_inner][vc_column_inner width=\u00a0\u00bb1\/4&Prime;][vc_single_image image=\u00a0\u00bb448&Prime; img_size=\u00a0\u00bbfull\u00a0\u00bb qode_css_animation=\u00a0\u00bb\u00a0\u00bb][\/vc_column_inner][vc_column_inner width=\u00a0\u00bb1\/4&Prime;][vc_empty_space height=\u00a0\u00bb20px\u00a0\u00bb][vc_column_text]<\/p>\n<h3>Jean Pierre Marty<\/h3>\n<p>[\/vc_column_text][vc_empty_space height=\u00a0\u00bb20px\u00a0\u00bb][vc_column_text]<\/p>\n<p>35 ans consacr\u00e9s \u00e0 la conception de projets pour la restauration et l&rsquo;h\u00f4tellerie.<\/p>\n<p>[\/vc_column_text][vc_empty_space height=\u00a0\u00bb30px\u00a0\u00bb]<a href=\"https:\/\/jpm-projects.com\/fr\/jean-pierre-marty\" target=\"_self\"  class=\"qbutton \" style=\"\">Continuer<\/a>[\/vc_column_inner][vc_column_inner width=\u00a0\u00bb1\/4&Prime;][\/vc_column_inner][\/vc_row_inner][vc_empty_space height=\u00a0\u00bb150px\u00a0\u00bb][\/vc_column][\/vc_row]<\/p>\n","protected":false},"excerpt":{"rendered":"<p>[vc_row row_type=\u00a0\u00bbparallax\u00a0\u00bb text_align=\u00a0\u00bbleft\u00a0\u00bb background_image=\u00a0\u00bb281&Prime; full_screen_section_height=\u00a0\u00bbyes\u00a0\u00bb vertically_align_content_in_middle=\u00a0\u00bbyes\u00a0\u00bb][vc_column][vc_empty_space height=\u00a0\u00bb130px\u00a0\u00bb][vc_row_inner row_type=\u00a0\u00bbrow\u00a0\u00bb type=\u00a0\u00bbgrid\u00a0\u00bb use_row_as_full_screen_section_slide=\u00a0\u00bbno\u00a0\u00bb text_align=\u00a0\u00bbleft\u00a0\u00bb css_animation=\u00a0\u00bbelement_from_top\u00a0\u00bb transition_delay=\u00a0\u00bb300&Prime;][vc_column_inner width=\u00a0\u00bb2\/3&Prime;][vc_column_text] JPM Projects &amp; Consulting [\/vc_column_text][vc_empty_space height=\u00a0\u00bb20px\u00a0\u00bb][\/vc_column_inner][vc_column_inner width=\u00a0\u00bb1\/3&Prime;][vc_empty_space][\/vc_column_inner][\/vc_row_inner][vc_row_inner row_type=\u00a0\u00bbrow\u00a0\u00bb type=\u00a0\u00bbgrid\u00a0\u00bb use_row_as_full_screen_section_slide=\u00a0\u00bbno\u00a0\u00bb text_align=\u00a0\u00bbleft\u00a0\u00bb css_animation=\u00a0\u00bbelement_from_top\u00a0\u00bb][vc_column_inner width=\u00a0\u00bb2\/3&Prime;][vc_column_text] Projets et consulting pour la restauration. [\/vc_column_text][vc_empty_space height=\u00a0\u00bb40px\u00a0\u00bb][\/vc_column_inner][vc_column_inner width=\u00a0\u00bb1\/3&Prime;][vc_empty_space][\/vc_column_inner][\/vc_row_inner][vc_row_inner row_type=\u00a0\u00bbrow\u00a0\u00bb type=\u00a0\u00bbgrid\u00a0\u00bb use_row_as_full_screen_section_slide=\u00a0\u00bbno\u00a0\u00bb text_align=\u00a0\u00bbleft\u00a0\u00bb css_animation=\u00a0\u00bbelement_from_bottom\u00a0\u00bb transition_delay=\u00a0\u00bb400&Prime;][vc_column_inner width=\u00a0\u00bb1\/2&Prime;][vc_column_text] Restauration H\u00f4tels&#8230;<\/p>\n","protected":false},"author":6,"featured_media":0,"parent":0,"menu_order":0,"comment_status":"closed","ping_status":"closed","template":"full_width.php","meta":{"footnotes":""},"class_list":["post-1278","page","type-page","status-publish","hentry"],"yoast_head":"<!-- This site is optimized with the Yoast SEO plugin v25.2 - https:\/\/yoast.com\/wordpress\/plugins\/seo\/ -->\n<title>JPM Projects &amp; Consulting<\/title>\n<meta name=\"description\" content=\"Conseils et projets de restauration. Restauration. H\u00f4tels. Banquets. \u00c9coles d&#039;h\u00f4tellerie et de restauration. Un projet de Jean Pierre Marty.\" \/>\n<meta name=\"robots\" content=\"index, follow, max-snippet:-1, max-image-preview:large, max-video-preview:-1\" \/>\n<link rel=\"canonical\" href=\"http:\/\/jpm-projects.com\/fr\/\" \/>\n<meta property=\"og:locale\" content=\"fr_FR\" \/>\n<meta property=\"og:type\" content=\"article\" \/>\n<meta property=\"og:title\" content=\"JPM Projects &amp; Consulting\" \/>\n<meta property=\"og:description\" content=\"Conseils et projets de restauration. Restauration. H\u00f4tels. Banquets. \u00c9coles d&#039;h\u00f4tellerie et de restauration. Un projet de Jean Pierre Marty.\" \/>\n<meta property=\"og:url\" content=\"http:\/\/jpm-projects.com\/fr\/\" \/>\n<meta property=\"og:site_name\" content=\"JPM Projects &amp; Consulting\" \/>\n<meta property=\"article:modified_time\" content=\"2025-06-05T09:10:15+00:00\" \/>\n<meta name=\"twitter:card\" content=\"summary_large_image\" \/>\n<meta name=\"twitter:label1\" content=\"Dur\u00e9e de lecture estim\u00e9e\" \/>\n\t<meta name=\"twitter:data1\" content=\"2 minutes\" \/>\n<script type=\"application\/ld+json\" class=\"yoast-schema-graph\">{\"@context\":\"https:\/\/schema.org\",\"@graph\":[{\"@type\":\"WebPage\",\"@id\":\"http:\/\/jpm-projects.com\/fr\/\",\"url\":\"http:\/\/jpm-projects.com\/fr\/\",\"name\":\"JPM Projects & Consulting\",\"isPartOf\":{\"@id\":\"http:\/\/jpm-projects.com\/fr\/#website\"},\"datePublished\":\"2025-05-28T06:59:45+00:00\",\"dateModified\":\"2025-06-05T09:10:15+00:00\",\"description\":\"Conseils et projets de restauration. Restauration. H\u00f4tels. Banquets. \u00c9coles d'h\u00f4tellerie et de restauration. Un projet de Jean Pierre Marty.\",\"breadcrumb\":{\"@id\":\"http:\/\/jpm-projects.com\/fr\/#breadcrumb\"},\"inLanguage\":\"fr-FR\",\"potentialAction\":[{\"@type\":\"ReadAction\",\"target\":[\"http:\/\/jpm-projects.com\/fr\/\"]}]},{\"@type\":\"BreadcrumbList\",\"@id\":\"http:\/\/jpm-projects.com\/fr\/#breadcrumb\",\"itemListElement\":[{\"@type\":\"ListItem\",\"position\":1,\"name\":\"Portada\",\"item\":\"https:\/\/jpm-projects.com\/fr\/\"},{\"@type\":\"ListItem\",\"position\":2,\"name\":\"Accueil\"}]},{\"@type\":\"WebSite\",\"@id\":\"http:\/\/jpm-projects.com\/fr\/#website\",\"url\":\"http:\/\/jpm-projects.com\/fr\/\",\"name\":\"JPM Projects & Consulting\",\"description\":\"\",\"publisher\":{\"@id\":\"http:\/\/jpm-projects.com\/fr\/#organization\"},\"potentialAction\":[{\"@type\":\"SearchAction\",\"target\":{\"@type\":\"EntryPoint\",\"urlTemplate\":\"http:\/\/jpm-projects.com\/fr\/?s={search_term_string}\"},\"query-input\":{\"@type\":\"PropertyValueSpecification\",\"valueRequired\":true,\"valueName\":\"search_term_string\"}}],\"inLanguage\":\"fr-FR\"},{\"@type\":\"Organization\",\"@id\":\"http:\/\/jpm-projects.com\/fr\/#organization\",\"name\":\"JPM Projects & Consulting\",\"url\":\"http:\/\/jpm-projects.com\/fr\/\",\"logo\":{\"@type\":\"ImageObject\",\"inLanguage\":\"fr-FR\",\"@id\":\"http:\/\/jpm-projects.com\/fr\/#\/schema\/logo\/image\/\",\"url\":\"http:\/\/jpm-projects.com\/wp-content\/uploads\/2024\/02\/jpm.png\",\"contentUrl\":\"http:\/\/jpm-projects.com\/wp-content\/uploads\/2024\/02\/jpm.png\",\"width\":500,\"height\":168,\"caption\":\"JPM Projects & Consulting\"},\"image\":{\"@id\":\"http:\/\/jpm-projects.com\/fr\/#\/schema\/logo\/image\/\"}}]}<\/script>\n<!-- \/ Yoast SEO plugin. -->","yoast_head_json":{"title":"JPM Projects & Consulting","description":"Conseils et projets de restauration. Restauration. H\u00f4tels. Banquets. \u00c9coles d'h\u00f4tellerie et de restauration. Un projet de Jean Pierre Marty.","robots":{"index":"index","follow":"follow","max-snippet":"max-snippet:-1","max-image-preview":"max-image-preview:large","max-video-preview":"max-video-preview:-1"},"canonical":"http:\/\/jpm-projects.com\/fr\/","og_locale":"fr_FR","og_type":"article","og_title":"JPM Projects & Consulting","og_description":"Conseils et projets de restauration. Restauration. H\u00f4tels. Banquets. \u00c9coles d'h\u00f4tellerie et de restauration. Un projet de Jean Pierre Marty.","og_url":"http:\/\/jpm-projects.com\/fr\/","og_site_name":"JPM Projects &amp; Consulting","article_modified_time":"2025-06-05T09:10:15+00:00","twitter_card":"summary_large_image","twitter_misc":{"Dur\u00e9e de lecture estim\u00e9e":"2 minutes"},"schema":{"@context":"https:\/\/schema.org","@graph":[{"@type":"WebPage","@id":"http:\/\/jpm-projects.com\/fr\/","url":"http:\/\/jpm-projects.com\/fr\/","name":"JPM Projects & Consulting","isPartOf":{"@id":"http:\/\/jpm-projects.com\/fr\/#website"},"datePublished":"2025-05-28T06:59:45+00:00","dateModified":"2025-06-05T09:10:15+00:00","description":"Conseils et projets de restauration. Restauration. H\u00f4tels. Banquets. \u00c9coles d'h\u00f4tellerie et de restauration. Un projet de Jean Pierre Marty.","breadcrumb":{"@id":"http:\/\/jpm-projects.com\/fr\/#breadcrumb"},"inLanguage":"fr-FR","potentialAction":[{"@type":"ReadAction","target":["http:\/\/jpm-projects.com\/fr\/"]}]},{"@type":"BreadcrumbList","@id":"http:\/\/jpm-projects.com\/fr\/#breadcrumb","itemListElement":[{"@type":"ListItem","position":1,"name":"Portada","item":"https:\/\/jpm-projects.com\/fr\/"},{"@type":"ListItem","position":2,"name":"Accueil"}]},{"@type":"WebSite","@id":"http:\/\/jpm-projects.com\/fr\/#website","url":"http:\/\/jpm-projects.com\/fr\/","name":"JPM Projects & Consulting","description":"","publisher":{"@id":"http:\/\/jpm-projects.com\/fr\/#organization"},"potentialAction":[{"@type":"SearchAction","target":{"@type":"EntryPoint","urlTemplate":"http:\/\/jpm-projects.com\/fr\/?s={search_term_string}"},"query-input":{"@type":"PropertyValueSpecification","valueRequired":true,"valueName":"search_term_string"}}],"inLanguage":"fr-FR"},{"@type":"Organization","@id":"http:\/\/jpm-projects.com\/fr\/#organization","name":"JPM Projects & Consulting","url":"http:\/\/jpm-projects.com\/fr\/","logo":{"@type":"ImageObject","inLanguage":"fr-FR","@id":"http:\/\/jpm-projects.com\/fr\/#\/schema\/logo\/image\/","url":"http:\/\/jpm-projects.com\/wp-content\/uploads\/2024\/02\/jpm.png","contentUrl":"http:\/\/jpm-projects.com\/wp-content\/uploads\/2024\/02\/jpm.png","width":500,"height":168,"caption":"JPM Projects & Consulting"},"image":{"@id":"http:\/\/jpm-projects.com\/fr\/#\/schema\/logo\/image\/"}}]}},"_links":{"self":[{"href":"http:\/\/jpm-projects.com\/fr\/wp-json\/wp\/v2\/pages\/1278","targetHints":{"allow":["GET"]}}],"collection":[{"href":"http:\/\/jpm-projects.com\/fr\/wp-json\/wp\/v2\/pages"}],"about":[{"href":"http:\/\/jpm-projects.com\/fr\/wp-json\/wp\/v2\/types\/page"}],"author":[{"embeddable":true,"href":"http:\/\/jpm-projects.com\/fr\/wp-json\/wp\/v2\/users\/6"}],"replies":[{"embeddable":true,"href":"http:\/\/jpm-projects.com\/fr\/wp-json\/wp\/v2\/comments?post=1278"}],"version-history":[{"count":12,"href":"http:\/\/jpm-projects.com\/fr\/wp-json\/wp\/v2\/pages\/1278\/revisions"}],"predecessor-version":[{"id":1342,"href":"http:\/\/jpm-projects.com\/fr\/wp-json\/wp\/v2\/pages\/1278\/revisions\/1342"}],"wp:attachment":[{"href":"http:\/\/jpm-projects.com\/fr\/wp-json\/wp\/v2\/media?parent=1278"}],"curies":[{"name":"wp","href":"https:\/\/api.w.org\/{rel}","templated":true}]}}