{"id":1201,"date":"2025-05-28T07:32:39","date_gmt":"2025-05-28T07:32:39","guid":{"rendered":"https:\/\/jpm-projects.com\/?page_id=1201"},"modified":"2025-06-03T12:12:19","modified_gmt":"2025-06-03T12:12:19","slug":"legal-notice","status":"publish","type":"page","link":"https:\/\/jpm-projects.com\/en\/contact-us\/legal-notice\/","title":{"rendered":"Legal notice"},"content":{"rendered":"<p>[vc_row row_type=&#8221;row&#8221; use_row_as_full_screen_section=&#8221;no&#8221; type=&#8221;full_width&#8221; text_align=&#8221;left&#8221; background_animation=&#8221;none&#8221; css_animation=&#8221;&#8221;][vc_column][vc_row_inner row_type=&#8221;row&#8221; type=&#8221;grid&#8221; use_row_as_full_screen_section_slide=&#8221;no&#8221; text_align=&#8221;left&#8221; css_animation=&#8221;&#8221;][vc_column_inner][vc_empty_space height=&#8221;50px&#8221;][vc_column_text]<\/p>\n<h1>Aviso legal<\/h1>\n<p>[\/vc_column_text][vc_empty_space height=&#8221;40px&#8221;][\/vc_column_inner][\/vc_row_inner][vc_row_inner row_type=&#8221;row&#8221; type=&#8221;grid&#8221; use_row_as_full_screen_section_slide=&#8221;no&#8221; text_align=&#8221;left&#8221; css_animation=&#8221;&#8221;][vc_column_inner][vc_column_text]<\/p>\n<h3>Datos identificativos<\/h3>\n<p>&nbsp;<\/p>\n<p>En cumplimiento con el deber de informaci\u00f3n recogido en art\u00edculo 10 de la Ley 34\/2002, de 11 de julio, de Servicios de la Sociedad de la Informaci\u00f3n y del Comercio Electr\u00f3nico, a continuaci\u00f3n se reflejan los siguientes datos:<\/p>\n<p>&nbsp;<\/p>\n<p><strong>La empresa titular de esta web es<\/strong>\u00a0Jean Pierre Marty (en adelante, \u201cel titular\u201d)<br \/>\n<strong>NIF\/CIF:\u00a0<\/strong>\u00a0X 0165467M<br \/>\n<strong>Direcci\u00f3n:\u00a0<\/strong>Dalmases 73 4\u00ba 1\u00aa 08022 Barcelona<br \/>\n<strong>Email:\u00a0<\/strong>info@jpm-projects.com<\/p>\n<p>&nbsp;<\/p>\n<h3>Usuarios<\/h3>\n<p>&nbsp;<\/p>\n<p>El acceso y\/o uso de este portal atribuye la condici\u00f3n de Usuario, que acepta, desde dicho acceso y\/o uso, las Condiciones Generales de Uso aqu\u00ed reflejadas. Las citadas Condiciones ser\u00e1n de aplicaci\u00f3n independientemente de las Condiciones Generales de Contrataci\u00f3n que en su caso resulten de obligado cumplimiento.<\/p>\n<p>&nbsp;<\/p>\n<h3>Uso del portal<\/h3>\n<p>&nbsp;<\/p>\n<p>Esta web proporciona el acceso a multitud de informaciones, servicios, programas o datos (en adelante, \u201clos contenidos\u201d) en Internet pertenecientes al titular o a sus licenciantes a los que el Usuario pueda tener acceso. El Usuario asume la responsabilidad del uso del portal. Dicha responsabilidad se extiende al registro que fuese necesario para acceder a determinados servicios o contenidos.<br \/>\nEn dicho registro el Usuario ser\u00e1 responsable de aportar informaci\u00f3n veraz y l\u00edcita. Como consecuencia de este registro, al Usuario se le puede proporcionar una contrase\u00f1a de la que ser\u00e1 responsable, comprometi\u00e9ndose a hacer un uso diligente y confidencial de la misma. El Usuario se compromete a hacer un uso adecuado de los contenidos y servicios (como por ejemplo servicios de chat, foros de discusi\u00f3n o grupos de noticias) que el titular ofrece a trav\u00e9s de su portal y con car\u00e1cter enunciativo pero no limitativo, a no emplearlos para (i) incurrir en actividades il\u00edcitas, ilegales o contrarias a la buena fe y al orden p\u00fablico; (ii) difundir contenidos o propaganda de car\u00e1cter racista, xen\u00f3fobo, pornogr\u00e1fico, ilegal, de apolog\u00eda del terrorismo o atentatorio contra los derechos humanos; (iii) provocar da\u00f1os en los sistemas f\u00edsicos y l\u00f3gicos del titular, de sus proveedores o de terceras personas, introducir o difundir en la red virus inform\u00e1ticos o cualesquiera otros sistemas f\u00edsicos o l\u00f3gicos que sean susceptibles de provocar los da\u00f1os anteriormente mencionados; (iv) intentar acceder y, en su caso, utilizar las cuentas de correo electr\u00f3nico de otros Usuarios y modificar o manipular sus mensajes.<br \/>\nEl titular se reserva el derecho de retirar todos aquellos comentarios y aportaciones que vulneren el respeto a la dignidad de la persona, que sean discriminatorios, xen\u00f3fobos, racistas, pornogr\u00e1ficos, que atenten contra la juventud o la infancia, el orden o la seguridad p\u00fablica o que, a su juicio, no resultaran adecuados para su publicaci\u00f3n. En cualquier caso, el titular no ser\u00e1 responsable de las opiniones vertidas por los Usuarios a trav\u00e9s de los foros, chats, u otras herramientas de participaci\u00f3n.<\/p>\n<p>&nbsp;<\/p>\n<h3>Pol\u00edtica de privacidad<\/h3>\n<p>&nbsp;<\/p>\n<p>Por favor consulte la p\u00e1gina Pol\u00edtica de Privacidad.<\/p>\n<p>Protecci\u00f3n de datos<\/p>\n<p>Por favor consulte la p\u00e1gina Pol\u00edtica de Privacidad.<\/p>\n<p>Uso de cookies<\/p>\n<p>Por favor consulte la p\u00e1gina Pol\u00edtica de Privacidad.<\/p>\n<p>&nbsp;<\/p>\n<h3>Propiedad intelectual e industrial<\/h3>\n<p>&nbsp;<\/p>\n<p>El titular, por s\u00ed o como cesionario, es titular de todos los derechos de propiedad intelectual e industrial de su p\u00e1gina web, as\u00ed como de los elementos contenidos en la misma (a t\u00edtulo enunciativo, im\u00e1genes, sonido, audio, v\u00eddeo, software o textos; marcas o logotipos, combinaciones de colores, estructura y dise\u00f1o, selecci\u00f3n de materiales usados, programas de ordenador necesarios para su funcionamiento, acceso y uso, etc.), titularidad del titular o bien de sus licenciantes.<br \/>\nTodos los derechos reservados. En virtud de lo dispuesto en los art\u00edculos 8 y 32.1, p\u00e1rrafo segundo, de la Ley de Propiedad Intelectual, quedan expresamente prohibidas la reproducci\u00f3n, la distribuci\u00f3n y la comunicaci\u00f3n p\u00fablica, incluida su modalidad de puesta a disposici\u00f3n, de la totalidad o parte de los contenidos de esta p\u00e1gina web, con fines comerciales, en cualquier soporte y por cualquier medio t\u00e9cnico, sin la autorizaci\u00f3n del titular. El Usuario se compromete a respetar los derechos de Propiedad Intelectual e Industrial titularidad del titular. Podr\u00e1 visualizar los elementos del portal e incluso imprimirlos, copiarlos y almacenarlos en el disco duro de su ordenador o en cualquier otro soporte f\u00edsico siempre y cuando sea, \u00fanica y exclusivamente, para su uso personal y privado. El Usuario deber\u00e1 abstenerse de suprimir, alterar, eludir o manipular cualquier dispositivo de protecci\u00f3n o sistema de seguridad que estuviera instalado en el las p\u00e1ginas de esta web.<\/p>\n<p>&nbsp;<\/p>\n<h3>Exclusi\u00f3n de garant\u00edas y responsabilidad<\/h3>\n<p>&nbsp;<\/p>\n<p>El titular o se hace responsable, en ning\u00fan caso, de los da\u00f1os y perjuicios de cualquier naturaleza que pudieran ocasionar, a t\u00edtulo enunciativo: errores u omisiones en los contenidos, falta de disponibilidad del portal o la transmisi\u00f3n de virus o programas maliciosos o lesivos en los contenidos, a pesar de haber adoptado todas las medidas tecnol\u00f3gicas necesarias para evitarlo.<\/p>\n<p>&nbsp;<\/p>\n<h3>Modificaciones<\/h3>\n<p>&nbsp;<\/p>\n<p>El titular se reserva el derecho de efectuar sin previo aviso las modificaciones que considere oportunas en su portal, pudiendo cambiar, suprimir o a\u00f1adir tanto los contenidos y servicios que se presten a trav\u00e9s de la misma como la forma en la que \u00e9stos aparezcan presentados o localizados en su portal.<\/p>\n<p>&nbsp;<\/p>\n<h3>Enlaces<\/h3>\n<p>&nbsp;<\/p>\n<p>En el caso de que en esta web se dispusiesen enlaces o hiperv\u00ednculos hac\u00eda otros sitios de Internet, el titular no ejercer\u00e1 ning\u00fan tipo de control sobre dichos sitios y contenidos. En ning\u00fan caso el titular asumir\u00e1 responsabilidad alguna por los contenidos de alg\u00fan enlace perteneciente a un sitio web ajeno, ni garantizar\u00e1 la disponibilidad t\u00e9cnica, calidad, fiabilidad, exactitud, amplitud, veracidad, validez y constitucionalidad de cualquier material o informaci\u00f3n contenida en ninguno de dichos hiperv\u00ednculos u otros sitios de Internet. Igualmente la inclusi\u00f3n de estas conexiones externas no implicar\u00e1 ning\u00fan tipo de asociaci\u00f3n, fusi\u00f3n o participaci\u00f3n con las entidades conectadas.<\/p>\n<p>&nbsp;<\/p>\n<h3>Derecho de exclusi\u00f3n<\/h3>\n<p>&nbsp;<\/p>\n<p>El titular se reserva el derecho a denegar o retirar el acceso a portal y\/o los servicios ofrecidos sin necesidad de preaviso, a instancia propia o de un tercero, a aquellos Usuarios que incumplan las presentes Condiciones Generales de Uso.<\/p>\n<p>&nbsp;<\/p>\n<h3>Generalidades<\/h3>\n<p>&nbsp;<\/p>\n<p>El titular perseguir\u00e1 el incumplimiento de las presentes condiciones as\u00ed como cualquier utilizaci\u00f3n indebida de su portal ejerciendo todas las acciones civiles y penales que le puedan corresponder en derecho.<\/p>\n<p>&nbsp;<\/p>\n<h3>Modificaci\u00f3n de las presentes condiciones y duraci\u00f3n<\/h3>\n<p>&nbsp;<\/p>\n<p>El titular podr\u00e1 modificar en cualquier momento las condiciones aqu\u00ed determinadas, siendo debidamente publicadas como aqu\u00ed aparecen. La vigencia de las citadas condiciones ir\u00e1 en funci\u00f3n de su exposici\u00f3n y estar\u00e1n vigentes hasta que sean modificadas por otras debidamente publicadas.<\/p>\n<p>&nbsp;<\/p>\n<h3>Legislaci\u00f3n aplicable y jurisdicci\u00f3n<\/h3>\n<p>&nbsp;<\/p>\n<p>La relaci\u00f3n entre el titular y el Usuario se regir\u00e1 por la normativa espa\u00f1ola vigente y cualquier controversia se someter\u00e1 a los Juzgados y tribunales de la ciudad de Barcelona.<\/p>\n<p>[\/vc_column_text][\/vc_column_inner][\/vc_row_inner][\/vc_column][\/vc_row][vc_row row_type=&#8221;row&#8221; use_row_as_full_screen_section=&#8221;no&#8221; type=&#8221;full_width&#8221; text_align=&#8221;left&#8221; background_animation=&#8221;none&#8221; css_animation=&#8221;&#8221;][vc_column][vc_empty_space height=&#8221;120px&#8221;][\/vc_column][\/vc_row]<\/p>\n","protected":false},"excerpt":{"rendered":"<p>[vc_row row_type=&#8221;row&#8221; use_row_as_full_screen_section=&#8221;no&#8221; type=&#8221;full_width&#8221; text_align=&#8221;left&#8221; background_animation=&#8221;none&#8221; css_animation=&#8221;&#8221;][vc_column][vc_row_inner row_type=&#8221;row&#8221; type=&#8221;grid&#8221; use_row_as_full_screen_section_slide=&#8221;no&#8221; text_align=&#8221;left&#8221; css_animation=&#8221;&#8221;][vc_column_inner][vc_empty_space height=&#8221;50px&#8221;][vc_column_text] Aviso legal [\/vc_column_text][vc_empty_space height=&#8221;40px&#8221;][\/vc_column_inner][\/vc_row_inner][vc_row_inner row_type=&#8221;row&#8221; type=&#8221;grid&#8221; use_row_as_full_screen_section_slide=&#8221;no&#8221; text_align=&#8221;left&#8221; css_animation=&#8221;&#8221;][vc_column_inner][vc_column_text] Datos identificativos &nbsp; En cumplimiento con el deber de informaci\u00f3n recogido en art\u00edculo 10 de la Ley 34\/2002, de 11 de julio, de&#8230;<\/p>\n","protected":false},"author":6,"featured_media":0,"parent":1103,"menu_order":0,"comment_status":"closed","ping_status":"closed","template":"full_width.php","meta":{"footnotes":""},"class_list":["post-1201","page","type-page","status-publish","hentry"],"yoast_head":"<!-- This site is optimized with the Yoast SEO plugin v25.2 - https:\/\/yoast.com\/wordpress\/plugins\/seo\/ -->\n<title>JPM Projects &amp; Consulting | Legal notice<\/title>\n<meta name=\"robots\" content=\"noindex, nofollow\" \/>\n<meta property=\"og:locale\" content=\"en_US\" \/>\n<meta property=\"og:type\" content=\"article\" \/>\n<meta property=\"og:title\" content=\"JPM Projects &amp; Consulting | Legal notice\" \/>\n<meta property=\"og:description\" content=\"[vc_row row_type=&#8221;row&#8221; use_row_as_full_screen_section=&#8221;no&#8221; type=&#8221;full_width&#8221; text_align=&#8221;left&#8221; background_animation=&#8221;none&#8221; css_animation=&#8221;&#8221;][vc_column][vc_row_inner row_type=&#8221;row&#8221; type=&#8221;grid&#8221; use_row_as_full_screen_section_slide=&#8221;no&#8221; text_align=&#8221;left&#8221; css_animation=&#8221;&#8221;][vc_column_inner][vc_empty_space height=&#8221;50px&#8221;][vc_column_text] Aviso legal [\/vc_column_text][vc_empty_space height=&#8221;40px&#8221;][\/vc_column_inner][\/vc_row_inner][vc_row_inner row_type=&#8221;row&#8221; type=&#8221;grid&#8221; use_row_as_full_screen_section_slide=&#8221;no&#8221; text_align=&#8221;left&#8221; css_animation=&#8221;&#8221;][vc_column_inner][vc_column_text] Datos identificativos &nbsp; En cumplimiento con el deber de informaci\u00f3n recogido en art\u00edculo 10 de la Ley 34\/2002, de 11 de julio, de...\" \/>\n<meta property=\"og:url\" content=\"https:\/\/jpm-projects.com\/en\/contact-us\/legal-notice\/\" \/>\n<meta property=\"og:site_name\" content=\"JPM Projects &amp; Consulting\" \/>\n<meta property=\"article:modified_time\" content=\"2025-06-03T12:12:19+00:00\" \/>\n<meta name=\"twitter:card\" content=\"summary_large_image\" \/>\n<script type=\"application\/ld+json\" class=\"yoast-schema-graph\">{\"@context\":\"https:\/\/schema.org\",\"@graph\":[{\"@type\":\"WebPage\",\"@id\":\"https:\/\/jpm-projects.com\/en\/contact-us\/legal-notice\/\",\"url\":\"https:\/\/jpm-projects.com\/en\/contact-us\/legal-notice\/\",\"name\":\"JPM Projects & Consulting | Legal notice\",\"isPartOf\":{\"@id\":\"https:\/\/jpm-projects.com\/en\/#website\"},\"datePublished\":\"2025-05-28T07:32:39+00:00\",\"dateModified\":\"2025-06-03T12:12:19+00:00\",\"breadcrumb\":{\"@id\":\"https:\/\/jpm-projects.com\/en\/contact-us\/legal-notice\/#breadcrumb\"},\"inLanguage\":\"en-US\",\"potentialAction\":[{\"@type\":\"ReadAction\",\"target\":[\"https:\/\/jpm-projects.com\/en\/contact-us\/legal-notice\/\"]}]},{\"@type\":\"BreadcrumbList\",\"@id\":\"https:\/\/jpm-projects.com\/en\/contact-us\/legal-notice\/#breadcrumb\",\"itemListElement\":[{\"@type\":\"ListItem\",\"position\":1,\"name\":\"Portada\",\"item\":\"https:\/\/jpm-projects.com\/en\/\"},{\"@type\":\"ListItem\",\"position\":2,\"name\":\"Contact us\",\"item\":\"https:\/\/jpm-projects.com\/en\/contact-us\/\"},{\"@type\":\"ListItem\",\"position\":3,\"name\":\"Legal notice\"}]},{\"@type\":\"WebSite\",\"@id\":\"https:\/\/jpm-projects.com\/en\/#website\",\"url\":\"https:\/\/jpm-projects.com\/en\/\",\"name\":\"JPM Projects & Consulting\",\"description\":\"\",\"publisher\":{\"@id\":\"https:\/\/jpm-projects.com\/en\/#organization\"},\"potentialAction\":[{\"@type\":\"SearchAction\",\"target\":{\"@type\":\"EntryPoint\",\"urlTemplate\":\"https:\/\/jpm-projects.com\/en\/?s={search_term_string}\"},\"query-input\":{\"@type\":\"PropertyValueSpecification\",\"valueRequired\":true,\"valueName\":\"search_term_string\"}}],\"inLanguage\":\"en-US\"},{\"@type\":\"Organization\",\"@id\":\"https:\/\/jpm-projects.com\/en\/#organization\",\"name\":\"JPM Projects & Consulting\",\"url\":\"https:\/\/jpm-projects.com\/en\/\",\"logo\":{\"@type\":\"ImageObject\",\"inLanguage\":\"en-US\",\"@id\":\"https:\/\/jpm-projects.com\/en\/#\/schema\/logo\/image\/\",\"url\":\"https:\/\/jpm-projects.com\/wp-content\/uploads\/2024\/02\/jpm.png\",\"contentUrl\":\"https:\/\/jpm-projects.com\/wp-content\/uploads\/2024\/02\/jpm.png\",\"width\":500,\"height\":168,\"caption\":\"JPM Projects & Consulting\"},\"image\":{\"@id\":\"https:\/\/jpm-projects.com\/en\/#\/schema\/logo\/image\/\"}}]}<\/script>\n<!-- \/ Yoast SEO plugin. -->","yoast_head_json":{"title":"JPM Projects & Consulting | Legal notice","robots":{"index":"noindex","follow":"nofollow"},"og_locale":"en_US","og_type":"article","og_title":"JPM Projects & Consulting | Legal notice","og_description":"[vc_row row_type=&#8221;row&#8221; use_row_as_full_screen_section=&#8221;no&#8221; type=&#8221;full_width&#8221; text_align=&#8221;left&#8221; background_animation=&#8221;none&#8221; css_animation=&#8221;&#8221;][vc_column][vc_row_inner row_type=&#8221;row&#8221; type=&#8221;grid&#8221; use_row_as_full_screen_section_slide=&#8221;no&#8221; text_align=&#8221;left&#8221; css_animation=&#8221;&#8221;][vc_column_inner][vc_empty_space height=&#8221;50px&#8221;][vc_column_text] Aviso legal [\/vc_column_text][vc_empty_space height=&#8221;40px&#8221;][\/vc_column_inner][\/vc_row_inner][vc_row_inner row_type=&#8221;row&#8221; type=&#8221;grid&#8221; use_row_as_full_screen_section_slide=&#8221;no&#8221; text_align=&#8221;left&#8221; css_animation=&#8221;&#8221;][vc_column_inner][vc_column_text] Datos identificativos &nbsp; En cumplimiento con el deber de informaci\u00f3n recogido en art\u00edculo 10 de la Ley 34\/2002, de 11 de julio, de...","og_url":"https:\/\/jpm-projects.com\/en\/contact-us\/legal-notice\/","og_site_name":"JPM Projects &amp; Consulting","article_modified_time":"2025-06-03T12:12:19+00:00","twitter_card":"summary_large_image","schema":{"@context":"https:\/\/schema.org","@graph":[{"@type":"WebPage","@id":"https:\/\/jpm-projects.com\/en\/contact-us\/legal-notice\/","url":"https:\/\/jpm-projects.com\/en\/contact-us\/legal-notice\/","name":"JPM Projects & Consulting | Legal notice","isPartOf":{"@id":"https:\/\/jpm-projects.com\/en\/#website"},"datePublished":"2025-05-28T07:32:39+00:00","dateModified":"2025-06-03T12:12:19+00:00","breadcrumb":{"@id":"https:\/\/jpm-projects.com\/en\/contact-us\/legal-notice\/#breadcrumb"},"inLanguage":"en-US","potentialAction":[{"@type":"ReadAction","target":["https:\/\/jpm-projects.com\/en\/contact-us\/legal-notice\/"]}]},{"@type":"BreadcrumbList","@id":"https:\/\/jpm-projects.com\/en\/contact-us\/legal-notice\/#breadcrumb","itemListElement":[{"@type":"ListItem","position":1,"name":"Portada","item":"https:\/\/jpm-projects.com\/en\/"},{"@type":"ListItem","position":2,"name":"Contact us","item":"https:\/\/jpm-projects.com\/en\/contact-us\/"},{"@type":"ListItem","position":3,"name":"Legal notice"}]},{"@type":"WebSite","@id":"https:\/\/jpm-projects.com\/en\/#website","url":"https:\/\/jpm-projects.com\/en\/","name":"JPM Projects & Consulting","description":"","publisher":{"@id":"https:\/\/jpm-projects.com\/en\/#organization"},"potentialAction":[{"@type":"SearchAction","target":{"@type":"EntryPoint","urlTemplate":"https:\/\/jpm-projects.com\/en\/?s={search_term_string}"},"query-input":{"@type":"PropertyValueSpecification","valueRequired":true,"valueName":"search_term_string"}}],"inLanguage":"en-US"},{"@type":"Organization","@id":"https:\/\/jpm-projects.com\/en\/#organization","name":"JPM Projects & Consulting","url":"https:\/\/jpm-projects.com\/en\/","logo":{"@type":"ImageObject","inLanguage":"en-US","@id":"https:\/\/jpm-projects.com\/en\/#\/schema\/logo\/image\/","url":"https:\/\/jpm-projects.com\/wp-content\/uploads\/2024\/02\/jpm.png","contentUrl":"https:\/\/jpm-projects.com\/wp-content\/uploads\/2024\/02\/jpm.png","width":500,"height":168,"caption":"JPM Projects & Consulting"},"image":{"@id":"https:\/\/jpm-projects.com\/en\/#\/schema\/logo\/image\/"}}]}},"_links":{"self":[{"href":"https:\/\/jpm-projects.com\/en\/wp-json\/wp\/v2\/pages\/1201","targetHints":{"allow":["GET"]}}],"collection":[{"href":"https:\/\/jpm-projects.com\/en\/wp-json\/wp\/v2\/pages"}],"about":[{"href":"https:\/\/jpm-projects.com\/en\/wp-json\/wp\/v2\/types\/page"}],"author":[{"embeddable":true,"href":"https:\/\/jpm-projects.com\/en\/wp-json\/wp\/v2\/users\/6"}],"replies":[{"embeddable":true,"href":"https:\/\/jpm-projects.com\/en\/wp-json\/wp\/v2\/comments?post=1201"}],"version-history":[{"count":1,"href":"https:\/\/jpm-projects.com\/en\/wp-json\/wp\/v2\/pages\/1201\/revisions"}],"predecessor-version":[{"id":1202,"href":"https:\/\/jpm-projects.com\/en\/wp-json\/wp\/v2\/pages\/1201\/revisions\/1202"}],"up":[{"embeddable":true,"href":"https:\/\/jpm-projects.com\/en\/wp-json\/wp\/v2\/pages\/1103"}],"wp:attachment":[{"href":"https:\/\/jpm-projects.com\/en\/wp-json\/wp\/v2\/media?parent=1201"}],"curies":[{"name":"wp","href":"https:\/\/api.w.org\/{rel}","templated":true}]}}