{"id":1239,"date":"2025-05-28T08:35:50","date_gmt":"2025-05-28T08:35:50","guid":{"rendered":"https:\/\/jpm-projects.com\/jean-pierre-marty\/"},"modified":"2025-06-04T09:08:28","modified_gmt":"2025-06-04T09:08:28","slug":"jean-pierre-marty","status":"publish","type":"page","link":"https:\/\/jpm-projects.com\/fr\/jean-pierre-marty\/","title":{"rendered":"Jean Pierre Marty"},"content":{"rendered":"<p>[vc_row row_type=\u00a0\u00bbparallax\u00a0\u00bb text_align=\u00a0\u00bbleft\u00a0\u00bb full_screen_section_height=\u00a0\u00bbyes\u00a0\u00bb vertically_align_content_in_middle=\u00a0\u00bbyes\u00a0\u00bb][vc_column css_animation=\u00a0\u00bbleft-to-right\u00a0\u00bb][qode_elements_holder number_of_columns=\u00a0\u00bbthree_columns\u00a0\u00bb][qode_elements_holder_item background_image=\u00a0\u00bb450&Prime; item_padding=\u00a0\u00bb6%\u00a0\u00bb vertical_alignment=\u00a0\u00bbmiddle\u00a0\u00bb][vc_empty_space height=\u00a0\u00bb100px\u00a0\u00bb][vc_column_text]<\/p>\n<h1 class=\"white\" style=\"text-align: center;\">Jean Pierre Marty<\/h1>\n<p>[\/vc_column_text][vc_empty_space height=\u00a0\u00bb100px\u00a0\u00bb][\/qode_elements_holder_item][qode_elements_holder_item item_padding=\u00a0\u00bb6%\u00a0\u00bb vertical_alignment=\u00a0\u00bbtop\u00a0\u00bb][vc_column_text]<\/p>\n<p>N\u00e9 \u00e0 Perpignan en 1961, Jean Pierre d\u00e9m\u00e9nage \u00e0 Barcelone \u00e0 l\u2019\u00e2ge de 5 ans, o\u00f9 son p\u00e8re s\u2019est d\u00e9plac\u00e9 quelques ann\u00e9es au paravant afin de cr\u00e9er un entreprise sp\u00e9cialis\u00e9e dans la cr\u00e9ation de projets de cuisines industrielles et la fabrication des \u00e9quipements n\u00e9cessaires pour ses projets.<\/p>\n<p>&nbsp;<\/p>\n<p>Apr\u00e8s avoir obtenu son Baccalaur\u00e9at au Lyc\u00e9e Fran\u00e7ais de Barcelone, il d\u00e9m\u00e9nage \u00e0 Toulouse pour ses \u00e9tudes sup\u00e9rieures de G\u00e9nie M\u00e9canique.<\/p>\n<p>&nbsp;<\/p>\n<p>Son Projet final consiste en une \u00e9tude sur la fabrication de cuisines industrielles qu\u2019il r\u00e9alise suite \u00e0 un stage dans une entreprise sp\u00e9cialis\u00e9e dans la fabrication de fourneaux sur mesure.<\/p>\n<p>&nbsp;<\/p>\n<p>En 1985 il part vivre aux Etats Unis pour travailler chez Keating, entreprise leader dans la fabrication de plaques \u00e0 snacker au chrome dur et de friteuses industrielles, \u00e0 Chicago. Sa premi\u00e8re fonction dans l\u2019entreprise et la mis en route d\u2019un syst\u00e8me de DAO (Dessin Assist\u00e9 par Ordinateur) -technologie qui en \u00e9tait \u00e0 ses d\u00e9buts \u00e0 l\u2019\u00e9poque- pour le d\u00e9partement d\u2019engineering et de recherche et d\u00e9veloppement.<\/p>\n<p>[\/vc_column_text][\/qode_elements_holder_item][qode_elements_holder_item item_padding=\u00a0\u00bb6%\u00a0\u00bb vertical_alignment=\u00a0\u00bbtop\u00a0\u00bb][vc_column_text]<\/p>\n<p>Dans un deuxi\u00e8me temps, il passe dans le d\u00e9partement technico comercial afin de conduire les relations commerciales avec les grands bureaux de consulting am\u00e9ricains, sp\u00e9cialis\u00e9s dans la restauration.<\/p>\n<p>&nbsp;<\/p>\n<p>Suite \u00e0 cette enrichissante exp\u00e9rience am\u00e9ricaine, in rentre en Espagne pour commencer \u00e0 travailler dans l\u2019entreprise familiale o\u00f9 il implantera \u00e9galement le DAO. Dans une premi\u00e8re \u00e9tape il se consacrera principalement aux projets dont il prendra la direction du d\u00e9partement apr\u00e8s quelques ann\u00e9es.<\/p>\n<p>&nbsp;<\/p>\n<p>Quand l\u2019entreprise familiale, dont il avait pris la direction ant\u00e9rieurement, est acquise par un groupe investisseur international, il d\u00e9cide de prendre une nouvelle orientation professionnelle et se consacrer, en tant que Freelance, au consulting en engineering et architecture de projets de restauration.<\/p>\n<p>[\/vc_column_text][\/qode_elements_holder_item][\/qode_elements_holder][\/vc_column][\/vc_row][vc_row row_type=\u00a0\u00bbrow\u00a0\u00bb use_row_as_full_screen_section=\u00a0\u00bbno\u00a0\u00bb type=\u00a0\u00bbfull_width\u00a0\u00bb text_align=\u00a0\u00bbleft\u00a0\u00bb background_animation=\u00a0\u00bbnone\u00a0\u00bb css_animation=\u00a0\u00bb\u00a0\u00bb][vc_column][vc_empty_space height=\u00a0\u00bb60px\u00a0\u00bb][\/vc_column][\/vc_row]<\/p>\n","protected":false},"excerpt":{"rendered":"<p>[vc_row row_type=\u00a0\u00bbparallax\u00a0\u00bb text_align=\u00a0\u00bbleft\u00a0\u00bb full_screen_section_height=\u00a0\u00bbyes\u00a0\u00bb vertically_align_content_in_middle=\u00a0\u00bbyes\u00a0\u00bb][vc_column css_animation=\u00a0\u00bbleft-to-right\u00a0\u00bb][qode_elements_holder number_of_columns=\u00a0\u00bbthree_columns\u00a0\u00bb][qode_elements_holder_item background_image=\u00a0\u00bb450&Prime; item_padding=\u00a0\u00bb6%\u00a0\u00bb vertical_alignment=\u00a0\u00bbmiddle\u00a0\u00bb][vc_empty_space height=\u00a0\u00bb100px\u00a0\u00bb][vc_column_text] Jean Pierre Marty [\/vc_column_text][vc_empty_space height=\u00a0\u00bb100px\u00a0\u00bb][\/qode_elements_holder_item][qode_elements_holder_item item_padding=\u00a0\u00bb6%\u00a0\u00bb vertical_alignment=\u00a0\u00bbtop\u00a0\u00bb][vc_column_text] N\u00e9 \u00e0 Perpignan en 1961, Jean Pierre d\u00e9m\u00e9nage \u00e0 Barcelone \u00e0 l\u2019\u00e2ge de 5 ans, o\u00f9 son p\u00e8re s\u2019est d\u00e9plac\u00e9 quelques ann\u00e9es au paravant afin de cr\u00e9er&#8230;<\/p>\n","protected":false},"author":6,"featured_media":0,"parent":0,"menu_order":0,"comment_status":"closed","ping_status":"closed","template":"","meta":{"footnotes":""},"class_list":["post-1239","page","type-page","status-publish","hentry"],"yoast_head":"<!-- This site is optimized with the Yoast SEO plugin v25.2 - https:\/\/yoast.com\/wordpress\/plugins\/seo\/ -->\n<title>JPM Projects &amp; Consulting | Jean Pierre Marty<\/title>\n<meta name=\"robots\" content=\"index, follow, max-snippet:-1, max-image-preview:large, max-video-preview:-1\" \/>\n<link rel=\"canonical\" href=\"https:\/\/jpm-projects.com\/fr\/jean-pierre-marty\/\" \/>\n<meta property=\"og:locale\" content=\"fr_FR\" \/>\n<meta property=\"og:type\" content=\"article\" \/>\n<meta property=\"og:title\" content=\"JPM Projects &amp; Consulting | Jean Pierre Marty\" \/>\n<meta property=\"og:description\" content=\"[vc_row row_type=\u00a0\u00bbparallax\u00a0\u00bb text_align=\u00a0\u00bbleft\u00a0\u00bb full_screen_section_height=\u00a0\u00bbyes\u00a0\u00bb vertically_align_content_in_middle=\u00a0\u00bbyes\u00a0\u00bb][vc_column css_animation=\u00a0\u00bbleft-to-right\u00a0\u00bb][qode_elements_holder number_of_columns=\u00a0\u00bbthree_columns\u00a0\u00bb][qode_elements_holder_item background_image=\u00a0\u00bb450&Prime; item_padding=\u00a0\u00bb6%\u00a0\u00bb vertical_alignment=\u00a0\u00bbmiddle\u00a0\u00bb][vc_empty_space height=\u00a0\u00bb100px\u00a0\u00bb][vc_column_text] Jean Pierre Marty [\/vc_column_text][vc_empty_space height=\u00a0\u00bb100px\u00a0\u00bb][\/qode_elements_holder_item][qode_elements_holder_item item_padding=\u00a0\u00bb6%\u00a0\u00bb vertical_alignment=\u00a0\u00bbtop\u00a0\u00bb][vc_column_text] N\u00e9 \u00e0 Perpignan en 1961, Jean Pierre d\u00e9m\u00e9nage \u00e0 Barcelone \u00e0 l\u2019\u00e2ge de 5 ans, o\u00f9 son p\u00e8re s\u2019est d\u00e9plac\u00e9 quelques ann\u00e9es au paravant afin de cr\u00e9er...\" \/>\n<meta property=\"og:url\" content=\"https:\/\/jpm-projects.com\/fr\/jean-pierre-marty\/\" \/>\n<meta property=\"og:site_name\" content=\"JPM Projects &amp; Consulting\" \/>\n<meta property=\"article:modified_time\" content=\"2025-06-04T09:08:28+00:00\" \/>\n<meta name=\"twitter:card\" content=\"summary_large_image\" \/>\n<meta name=\"twitter:label1\" content=\"Dur\u00e9e de lecture estim\u00e9e\" \/>\n\t<meta name=\"twitter:data1\" content=\"2 minutes\" \/>\n<script type=\"application\/ld+json\" class=\"yoast-schema-graph\">{\"@context\":\"https:\/\/schema.org\",\"@graph\":[{\"@type\":\"WebPage\",\"@id\":\"https:\/\/jpm-projects.com\/fr\/jean-pierre-marty\/\",\"url\":\"https:\/\/jpm-projects.com\/fr\/jean-pierre-marty\/\",\"name\":\"JPM Projects & Consulting | Jean Pierre Marty\",\"isPartOf\":{\"@id\":\"https:\/\/jpm-projects.com\/fr\/#website\"},\"datePublished\":\"2025-05-28T08:35:50+00:00\",\"dateModified\":\"2025-06-04T09:08:28+00:00\",\"breadcrumb\":{\"@id\":\"https:\/\/jpm-projects.com\/fr\/jean-pierre-marty\/#breadcrumb\"},\"inLanguage\":\"fr-FR\",\"potentialAction\":[{\"@type\":\"ReadAction\",\"target\":[\"https:\/\/jpm-projects.com\/fr\/jean-pierre-marty\/\"]}]},{\"@type\":\"BreadcrumbList\",\"@id\":\"https:\/\/jpm-projects.com\/fr\/jean-pierre-marty\/#breadcrumb\",\"itemListElement\":[{\"@type\":\"ListItem\",\"position\":1,\"name\":\"Portada\",\"item\":\"https:\/\/jpm-projects.com\/fr\/\"},{\"@type\":\"ListItem\",\"position\":2,\"name\":\"Jean Pierre Marty\"}]},{\"@type\":\"WebSite\",\"@id\":\"https:\/\/jpm-projects.com\/fr\/#website\",\"url\":\"https:\/\/jpm-projects.com\/fr\/\",\"name\":\"JPM Projects & Consulting\",\"description\":\"\",\"publisher\":{\"@id\":\"https:\/\/jpm-projects.com\/fr\/#organization\"},\"potentialAction\":[{\"@type\":\"SearchAction\",\"target\":{\"@type\":\"EntryPoint\",\"urlTemplate\":\"https:\/\/jpm-projects.com\/fr\/?s={search_term_string}\"},\"query-input\":{\"@type\":\"PropertyValueSpecification\",\"valueRequired\":true,\"valueName\":\"search_term_string\"}}],\"inLanguage\":\"fr-FR\"},{\"@type\":\"Organization\",\"@id\":\"https:\/\/jpm-projects.com\/fr\/#organization\",\"name\":\"JPM Projects & Consulting\",\"url\":\"https:\/\/jpm-projects.com\/fr\/\",\"logo\":{\"@type\":\"ImageObject\",\"inLanguage\":\"fr-FR\",\"@id\":\"https:\/\/jpm-projects.com\/fr\/#\/schema\/logo\/image\/\",\"url\":\"https:\/\/jpm-projects.com\/wp-content\/uploads\/2024\/02\/jpm.png\",\"contentUrl\":\"https:\/\/jpm-projects.com\/wp-content\/uploads\/2024\/02\/jpm.png\",\"width\":500,\"height\":168,\"caption\":\"JPM Projects & Consulting\"},\"image\":{\"@id\":\"https:\/\/jpm-projects.com\/fr\/#\/schema\/logo\/image\/\"}}]}<\/script>\n<!-- \/ Yoast SEO plugin. -->","yoast_head_json":{"title":"JPM Projects & Consulting | Jean Pierre Marty","robots":{"index":"index","follow":"follow","max-snippet":"max-snippet:-1","max-image-preview":"max-image-preview:large","max-video-preview":"max-video-preview:-1"},"canonical":"https:\/\/jpm-projects.com\/fr\/jean-pierre-marty\/","og_locale":"fr_FR","og_type":"article","og_title":"JPM Projects & Consulting | Jean Pierre Marty","og_description":"[vc_row row_type=\u00a0\u00bbparallax\u00a0\u00bb text_align=\u00a0\u00bbleft\u00a0\u00bb full_screen_section_height=\u00a0\u00bbyes\u00a0\u00bb vertically_align_content_in_middle=\u00a0\u00bbyes\u00a0\u00bb][vc_column css_animation=\u00a0\u00bbleft-to-right\u00a0\u00bb][qode_elements_holder number_of_columns=\u00a0\u00bbthree_columns\u00a0\u00bb][qode_elements_holder_item background_image=\u00a0\u00bb450&Prime; item_padding=\u00a0\u00bb6%\u00a0\u00bb vertical_alignment=\u00a0\u00bbmiddle\u00a0\u00bb][vc_empty_space height=\u00a0\u00bb100px\u00a0\u00bb][vc_column_text] Jean Pierre Marty [\/vc_column_text][vc_empty_space height=\u00a0\u00bb100px\u00a0\u00bb][\/qode_elements_holder_item][qode_elements_holder_item item_padding=\u00a0\u00bb6%\u00a0\u00bb vertical_alignment=\u00a0\u00bbtop\u00a0\u00bb][vc_column_text] N\u00e9 \u00e0 Perpignan en 1961, Jean Pierre d\u00e9m\u00e9nage \u00e0 Barcelone \u00e0 l\u2019\u00e2ge de 5 ans, o\u00f9 son p\u00e8re s\u2019est d\u00e9plac\u00e9 quelques ann\u00e9es au paravant afin de cr\u00e9er...","og_url":"https:\/\/jpm-projects.com\/fr\/jean-pierre-marty\/","og_site_name":"JPM Projects &amp; Consulting","article_modified_time":"2025-06-04T09:08:28+00:00","twitter_card":"summary_large_image","twitter_misc":{"Dur\u00e9e de lecture estim\u00e9e":"2 minutes"},"schema":{"@context":"https:\/\/schema.org","@graph":[{"@type":"WebPage","@id":"https:\/\/jpm-projects.com\/fr\/jean-pierre-marty\/","url":"https:\/\/jpm-projects.com\/fr\/jean-pierre-marty\/","name":"JPM Projects & Consulting | Jean Pierre Marty","isPartOf":{"@id":"https:\/\/jpm-projects.com\/fr\/#website"},"datePublished":"2025-05-28T08:35:50+00:00","dateModified":"2025-06-04T09:08:28+00:00","breadcrumb":{"@id":"https:\/\/jpm-projects.com\/fr\/jean-pierre-marty\/#breadcrumb"},"inLanguage":"fr-FR","potentialAction":[{"@type":"ReadAction","target":["https:\/\/jpm-projects.com\/fr\/jean-pierre-marty\/"]}]},{"@type":"BreadcrumbList","@id":"https:\/\/jpm-projects.com\/fr\/jean-pierre-marty\/#breadcrumb","itemListElement":[{"@type":"ListItem","position":1,"name":"Portada","item":"https:\/\/jpm-projects.com\/fr\/"},{"@type":"ListItem","position":2,"name":"Jean Pierre Marty"}]},{"@type":"WebSite","@id":"https:\/\/jpm-projects.com\/fr\/#website","url":"https:\/\/jpm-projects.com\/fr\/","name":"JPM Projects & Consulting","description":"","publisher":{"@id":"https:\/\/jpm-projects.com\/fr\/#organization"},"potentialAction":[{"@type":"SearchAction","target":{"@type":"EntryPoint","urlTemplate":"https:\/\/jpm-projects.com\/fr\/?s={search_term_string}"},"query-input":{"@type":"PropertyValueSpecification","valueRequired":true,"valueName":"search_term_string"}}],"inLanguage":"fr-FR"},{"@type":"Organization","@id":"https:\/\/jpm-projects.com\/fr\/#organization","name":"JPM Projects & Consulting","url":"https:\/\/jpm-projects.com\/fr\/","logo":{"@type":"ImageObject","inLanguage":"fr-FR","@id":"https:\/\/jpm-projects.com\/fr\/#\/schema\/logo\/image\/","url":"https:\/\/jpm-projects.com\/wp-content\/uploads\/2024\/02\/jpm.png","contentUrl":"https:\/\/jpm-projects.com\/wp-content\/uploads\/2024\/02\/jpm.png","width":500,"height":168,"caption":"JPM Projects & Consulting"},"image":{"@id":"https:\/\/jpm-projects.com\/fr\/#\/schema\/logo\/image\/"}}]}},"_links":{"self":[{"href":"https:\/\/jpm-projects.com\/fr\/wp-json\/wp\/v2\/pages\/1239","targetHints":{"allow":["GET"]}}],"collection":[{"href":"https:\/\/jpm-projects.com\/fr\/wp-json\/wp\/v2\/pages"}],"about":[{"href":"https:\/\/jpm-projects.com\/fr\/wp-json\/wp\/v2\/types\/page"}],"author":[{"embeddable":true,"href":"https:\/\/jpm-projects.com\/fr\/wp-json\/wp\/v2\/users\/6"}],"replies":[{"embeddable":true,"href":"https:\/\/jpm-projects.com\/fr\/wp-json\/wp\/v2\/comments?post=1239"}],"version-history":[{"count":2,"href":"https:\/\/jpm-projects.com\/fr\/wp-json\/wp\/v2\/pages\/1239\/revisions"}],"predecessor-version":[{"id":1315,"href":"https:\/\/jpm-projects.com\/fr\/wp-json\/wp\/v2\/pages\/1239\/revisions\/1315"}],"wp:attachment":[{"href":"https:\/\/jpm-projects.com\/fr\/wp-json\/wp\/v2\/media?parent=1239"}],"curies":[{"name":"wp","href":"https:\/\/api.w.org\/{rel}","templated":true}]}}