{"id":1271,"date":"2025-05-28T08:43:45","date_gmt":"2025-05-28T08:43:45","guid":{"rendered":"https:\/\/jpm-projects.com\/services\/fabricants-et-installateurs\/"},"modified":"2025-06-04T09:39:47","modified_gmt":"2025-06-04T09:39:47","slug":"fabricants-et-installateurs","status":"publish","type":"page","link":"https:\/\/jpm-projects.com\/fr\/services\/fabricants-et-installateurs\/","title":{"rendered":"Fabricants et installateurs"},"content":{"rendered":"<p>[vc_row row_type=\u00a0\u00bbparallax\u00a0\u00bb text_align=\u00a0\u00bbleft\u00a0\u00bb full_screen_section_height=\u00a0\u00bbyes\u00a0\u00bb vertically_align_content_in_middle=\u00a0\u00bbyes\u00a0\u00bb][vc_column][vc_row_inner row_type=\u00a0\u00bbrow\u00a0\u00bb type=\u00a0\u00bbfull_width\u00a0\u00bb use_row_as_full_screen_section_slide=\u00a0\u00bbno\u00a0\u00bb text_align=\u00a0\u00bbleft\u00a0\u00bb css_animation=\u00a0\u00bb\u00a0\u00bb][vc_column_inner width=\u00a0\u00bb1\/4&Prime;][vc_empty_space][vc_column_text]<\/p>\n<h1>Fabricants et installateurs<\/h1>\n<p>[\/vc_column_text][vc_empty_space][vc_column_text]<\/p>\n<p>Pour ces deux secteurs d\u2019activit\u00e9, mon partenariat peut se pr\u00e9senter sous deux axes:<\/p>\n<p>&nbsp;<\/p>\n<ul>\n<li>La r\u00e9alisation de projets d\u2019implantation comme dans les cas pr\u00e9c\u00e9dents.<\/li>\n<li>La participation dans le d\u00e9veloppement de nouveaux mat\u00e9riels, gr\u00e2ce a mon exp\u00e9rience se plus de trente ans dans une entreprise sp\u00e9cialis\u00e9e dans la conception et la fabrication de mat\u00e9riels sur mesure et de haut niveau de qualit\u00e9 et prestations.<\/li>\n<\/ul>\n<p>[\/vc_column_text][vc_empty_space][\/vc_column_inner][vc_column_inner width=\u00a0\u00bb1\/2&Prime;][vc_single_image image=\u00a0\u00bb623&Prime; img_size=\u00a0\u00bbfull\u00a0\u00bb qode_css_animation=\u00a0\u00bb\u00a0\u00bb][vc_empty_space][\/vc_column_inner][vc_column_inner width=\u00a0\u00bb1\/4&Prime;][\/vc_column_inner][\/vc_row_inner][\/vc_column][\/vc_row]<\/p>\n","protected":false},"excerpt":{"rendered":"<p>[vc_row row_type=\u00a0\u00bbparallax\u00a0\u00bb text_align=\u00a0\u00bbleft\u00a0\u00bb full_screen_section_height=\u00a0\u00bbyes\u00a0\u00bb vertically_align_content_in_middle=\u00a0\u00bbyes\u00a0\u00bb][vc_column][vc_row_inner row_type=\u00a0\u00bbrow\u00a0\u00bb type=\u00a0\u00bbfull_width\u00a0\u00bb use_row_as_full_screen_section_slide=\u00a0\u00bbno\u00a0\u00bb text_align=\u00a0\u00bbleft\u00a0\u00bb css_animation=\u00a0\u00bb\u00a0\u00bb][vc_column_inner width=\u00a0\u00bb1\/4&Prime;][vc_empty_space][vc_column_text] Fabricants et installateurs [\/vc_column_text][vc_empty_space][vc_column_text] Pour ces deux secteurs d\u2019activit\u00e9, mon partenariat peut se pr\u00e9senter sous deux axes: &nbsp; La r\u00e9alisation de projets d\u2019implantation comme dans les cas pr\u00e9c\u00e9dents. La participation dans le d\u00e9veloppement de&#8230;<\/p>\n","protected":false},"author":6,"featured_media":0,"parent":1266,"menu_order":0,"comment_status":"closed","ping_status":"closed","template":"","meta":{"footnotes":""},"class_list":["post-1271","page","type-page","status-publish","hentry"],"yoast_head":"<!-- This site is optimized with the Yoast SEO plugin v25.2 - https:\/\/yoast.com\/wordpress\/plugins\/seo\/ -->\n<title>JPM Projects &amp; Consulting | Fabricants et installateurs<\/title>\n<meta name=\"robots\" content=\"index, follow, max-snippet:-1, max-image-preview:large, max-video-preview:-1\" \/>\n<link rel=\"canonical\" href=\"https:\/\/jpm-projects.com\/fr\/services\/fabricants-et-installateurs\/\" \/>\n<meta property=\"og:locale\" content=\"fr_FR\" \/>\n<meta property=\"og:type\" content=\"article\" \/>\n<meta property=\"og:title\" content=\"JPM Projects &amp; Consulting | Fabricants et installateurs\" \/>\n<meta property=\"og:description\" content=\"[vc_row row_type=\u00a0\u00bbparallax\u00a0\u00bb text_align=\u00a0\u00bbleft\u00a0\u00bb full_screen_section_height=\u00a0\u00bbyes\u00a0\u00bb vertically_align_content_in_middle=\u00a0\u00bbyes\u00a0\u00bb][vc_column][vc_row_inner row_type=\u00a0\u00bbrow\u00a0\u00bb type=\u00a0\u00bbfull_width\u00a0\u00bb use_row_as_full_screen_section_slide=\u00a0\u00bbno\u00a0\u00bb text_align=\u00a0\u00bbleft\u00a0\u00bb css_animation=\u00a0\u00bb\u00a0\u00bb][vc_column_inner width=\u00a0\u00bb1\/4&Prime;][vc_empty_space][vc_column_text] Fabricants et installateurs [\/vc_column_text][vc_empty_space][vc_column_text] Pour ces deux secteurs d\u2019activit\u00e9, mon partenariat peut se pr\u00e9senter sous deux axes: &nbsp; La r\u00e9alisation de projets d\u2019implantation comme dans les cas pr\u00e9c\u00e9dents. La participation dans le d\u00e9veloppement de...\" \/>\n<meta property=\"og:url\" content=\"https:\/\/jpm-projects.com\/fr\/services\/fabricants-et-installateurs\/\" \/>\n<meta property=\"og:site_name\" content=\"JPM Projects &amp; Consulting\" \/>\n<meta property=\"article:modified_time\" content=\"2025-06-04T09:39:47+00:00\" \/>\n<meta name=\"twitter:card\" content=\"summary_large_image\" \/>\n<meta name=\"twitter:label1\" content=\"Dur\u00e9e de lecture estim\u00e9e\" \/>\n\t<meta name=\"twitter:data1\" content=\"1 minute\" \/>\n<script type=\"application\/ld+json\" class=\"yoast-schema-graph\">{\"@context\":\"https:\/\/schema.org\",\"@graph\":[{\"@type\":\"WebPage\",\"@id\":\"https:\/\/jpm-projects.com\/fr\/services\/fabricants-et-installateurs\/\",\"url\":\"https:\/\/jpm-projects.com\/fr\/services\/fabricants-et-installateurs\/\",\"name\":\"JPM Projects & Consulting | Fabricants et installateurs\",\"isPartOf\":{\"@id\":\"https:\/\/jpm-projects.com\/fr\/#website\"},\"datePublished\":\"2025-05-28T08:43:45+00:00\",\"dateModified\":\"2025-06-04T09:39:47+00:00\",\"breadcrumb\":{\"@id\":\"https:\/\/jpm-projects.com\/fr\/services\/fabricants-et-installateurs\/#breadcrumb\"},\"inLanguage\":\"fr-FR\",\"potentialAction\":[{\"@type\":\"ReadAction\",\"target\":[\"https:\/\/jpm-projects.com\/fr\/services\/fabricants-et-installateurs\/\"]}]},{\"@type\":\"BreadcrumbList\",\"@id\":\"https:\/\/jpm-projects.com\/fr\/services\/fabricants-et-installateurs\/#breadcrumb\",\"itemListElement\":[{\"@type\":\"ListItem\",\"position\":1,\"name\":\"Portada\",\"item\":\"https:\/\/jpm-projects.com\/fr\/\"},{\"@type\":\"ListItem\",\"position\":2,\"name\":\"Services\",\"item\":\"https:\/\/jpm-projects.com\/fr\/services\/\"},{\"@type\":\"ListItem\",\"position\":3,\"name\":\"Fabricants et installateurs\"}]},{\"@type\":\"WebSite\",\"@id\":\"https:\/\/jpm-projects.com\/fr\/#website\",\"url\":\"https:\/\/jpm-projects.com\/fr\/\",\"name\":\"JPM Projects & Consulting\",\"description\":\"\",\"publisher\":{\"@id\":\"https:\/\/jpm-projects.com\/fr\/#organization\"},\"potentialAction\":[{\"@type\":\"SearchAction\",\"target\":{\"@type\":\"EntryPoint\",\"urlTemplate\":\"https:\/\/jpm-projects.com\/fr\/?s={search_term_string}\"},\"query-input\":{\"@type\":\"PropertyValueSpecification\",\"valueRequired\":true,\"valueName\":\"search_term_string\"}}],\"inLanguage\":\"fr-FR\"},{\"@type\":\"Organization\",\"@id\":\"https:\/\/jpm-projects.com\/fr\/#organization\",\"name\":\"JPM Projects & Consulting\",\"url\":\"https:\/\/jpm-projects.com\/fr\/\",\"logo\":{\"@type\":\"ImageObject\",\"inLanguage\":\"fr-FR\",\"@id\":\"https:\/\/jpm-projects.com\/fr\/#\/schema\/logo\/image\/\",\"url\":\"https:\/\/jpm-projects.com\/wp-content\/uploads\/2024\/02\/jpm.png\",\"contentUrl\":\"https:\/\/jpm-projects.com\/wp-content\/uploads\/2024\/02\/jpm.png\",\"width\":500,\"height\":168,\"caption\":\"JPM Projects & Consulting\"},\"image\":{\"@id\":\"https:\/\/jpm-projects.com\/fr\/#\/schema\/logo\/image\/\"}}]}<\/script>\n<!-- \/ Yoast SEO plugin. -->","yoast_head_json":{"title":"JPM Projects & Consulting | Fabricants et installateurs","robots":{"index":"index","follow":"follow","max-snippet":"max-snippet:-1","max-image-preview":"max-image-preview:large","max-video-preview":"max-video-preview:-1"},"canonical":"https:\/\/jpm-projects.com\/fr\/services\/fabricants-et-installateurs\/","og_locale":"fr_FR","og_type":"article","og_title":"JPM Projects & Consulting | Fabricants et installateurs","og_description":"[vc_row row_type=\u00a0\u00bbparallax\u00a0\u00bb text_align=\u00a0\u00bbleft\u00a0\u00bb full_screen_section_height=\u00a0\u00bbyes\u00a0\u00bb vertically_align_content_in_middle=\u00a0\u00bbyes\u00a0\u00bb][vc_column][vc_row_inner row_type=\u00a0\u00bbrow\u00a0\u00bb type=\u00a0\u00bbfull_width\u00a0\u00bb use_row_as_full_screen_section_slide=\u00a0\u00bbno\u00a0\u00bb text_align=\u00a0\u00bbleft\u00a0\u00bb css_animation=\u00a0\u00bb\u00a0\u00bb][vc_column_inner width=\u00a0\u00bb1\/4&Prime;][vc_empty_space][vc_column_text] Fabricants et installateurs [\/vc_column_text][vc_empty_space][vc_column_text] Pour ces deux secteurs d\u2019activit\u00e9, mon partenariat peut se pr\u00e9senter sous deux axes: &nbsp; La r\u00e9alisation de projets d\u2019implantation comme dans les cas pr\u00e9c\u00e9dents. La participation dans le d\u00e9veloppement de...","og_url":"https:\/\/jpm-projects.com\/fr\/services\/fabricants-et-installateurs\/","og_site_name":"JPM Projects &amp; Consulting","article_modified_time":"2025-06-04T09:39:47+00:00","twitter_card":"summary_large_image","twitter_misc":{"Dur\u00e9e de lecture estim\u00e9e":"1 minute"},"schema":{"@context":"https:\/\/schema.org","@graph":[{"@type":"WebPage","@id":"https:\/\/jpm-projects.com\/fr\/services\/fabricants-et-installateurs\/","url":"https:\/\/jpm-projects.com\/fr\/services\/fabricants-et-installateurs\/","name":"JPM Projects & Consulting | Fabricants et installateurs","isPartOf":{"@id":"https:\/\/jpm-projects.com\/fr\/#website"},"datePublished":"2025-05-28T08:43:45+00:00","dateModified":"2025-06-04T09:39:47+00:00","breadcrumb":{"@id":"https:\/\/jpm-projects.com\/fr\/services\/fabricants-et-installateurs\/#breadcrumb"},"inLanguage":"fr-FR","potentialAction":[{"@type":"ReadAction","target":["https:\/\/jpm-projects.com\/fr\/services\/fabricants-et-installateurs\/"]}]},{"@type":"BreadcrumbList","@id":"https:\/\/jpm-projects.com\/fr\/services\/fabricants-et-installateurs\/#breadcrumb","itemListElement":[{"@type":"ListItem","position":1,"name":"Portada","item":"https:\/\/jpm-projects.com\/fr\/"},{"@type":"ListItem","position":2,"name":"Services","item":"https:\/\/jpm-projects.com\/fr\/services\/"},{"@type":"ListItem","position":3,"name":"Fabricants et installateurs"}]},{"@type":"WebSite","@id":"https:\/\/jpm-projects.com\/fr\/#website","url":"https:\/\/jpm-projects.com\/fr\/","name":"JPM Projects & Consulting","description":"","publisher":{"@id":"https:\/\/jpm-projects.com\/fr\/#organization"},"potentialAction":[{"@type":"SearchAction","target":{"@type":"EntryPoint","urlTemplate":"https:\/\/jpm-projects.com\/fr\/?s={search_term_string}"},"query-input":{"@type":"PropertyValueSpecification","valueRequired":true,"valueName":"search_term_string"}}],"inLanguage":"fr-FR"},{"@type":"Organization","@id":"https:\/\/jpm-projects.com\/fr\/#organization","name":"JPM Projects & Consulting","url":"https:\/\/jpm-projects.com\/fr\/","logo":{"@type":"ImageObject","inLanguage":"fr-FR","@id":"https:\/\/jpm-projects.com\/fr\/#\/schema\/logo\/image\/","url":"https:\/\/jpm-projects.com\/wp-content\/uploads\/2024\/02\/jpm.png","contentUrl":"https:\/\/jpm-projects.com\/wp-content\/uploads\/2024\/02\/jpm.png","width":500,"height":168,"caption":"JPM Projects & Consulting"},"image":{"@id":"https:\/\/jpm-projects.com\/fr\/#\/schema\/logo\/image\/"}}]}},"_links":{"self":[{"href":"https:\/\/jpm-projects.com\/fr\/wp-json\/wp\/v2\/pages\/1271","targetHints":{"allow":["GET"]}}],"collection":[{"href":"https:\/\/jpm-projects.com\/fr\/wp-json\/wp\/v2\/pages"}],"about":[{"href":"https:\/\/jpm-projects.com\/fr\/wp-json\/wp\/v2\/types\/page"}],"author":[{"embeddable":true,"href":"https:\/\/jpm-projects.com\/fr\/wp-json\/wp\/v2\/users\/6"}],"replies":[{"embeddable":true,"href":"https:\/\/jpm-projects.com\/fr\/wp-json\/wp\/v2\/comments?post=1271"}],"version-history":[{"count":2,"href":"https:\/\/jpm-projects.com\/fr\/wp-json\/wp\/v2\/pages\/1271\/revisions"}],"predecessor-version":[{"id":1273,"href":"https:\/\/jpm-projects.com\/fr\/wp-json\/wp\/v2\/pages\/1271\/revisions\/1273"}],"up":[{"embeddable":true,"href":"https:\/\/jpm-projects.com\/fr\/wp-json\/wp\/v2\/pages\/1266"}],"wp:attachment":[{"href":"https:\/\/jpm-projects.com\/fr\/wp-json\/wp\/v2\/media?parent=1271"}],"curies":[{"name":"wp","href":"https:\/\/api.w.org\/{rel}","templated":true}]}}