{"id":1276,"date":"2025-05-28T08:38:26","date_gmt":"2025-05-28T08:38:26","guid":{"rendered":"https:\/\/jpm-projects.com\/services\/restaurateurs\/"},"modified":"2025-06-05T09:07:47","modified_gmt":"2025-06-05T09:07:47","slug":"restaurateurs","status":"publish","type":"page","link":"https:\/\/jpm-projects.com\/fr\/services\/restaurateurs\/","title":{"rendered":"Restaurateurs"},"content":{"rendered":"<p>[vc_row row_type=\u00a0\u00bbparallax\u00a0\u00bb text_align=\u00a0\u00bbleft\u00a0\u00bb full_screen_section_height=\u00a0\u00bbyes\u00a0\u00bb vertically_align_content_in_middle=\u00a0\u00bbyes\u00a0\u00bb][vc_column][vc_row_inner row_type=\u00a0\u00bbrow\u00a0\u00bb type=\u00a0\u00bbfull_width\u00a0\u00bb use_row_as_full_screen_section_slide=\u00a0\u00bbno\u00a0\u00bb text_align=\u00a0\u00bbleft\u00a0\u00bb css_animation=\u00a0\u00bb\u00a0\u00bb][vc_column_inner width=\u00a0\u00bb1\/4&Prime;][vc_empty_space][vc_column_text]<\/p>\n<h1>Restaurateurs<\/h1>\n<p>[\/vc_column_text][vc_empty_space][vc_column_text]<\/p>\n<p>Dans ce cas, ma fonction consiste en une collaboration avec le professionnel de la restauration qui d\u00e9veloppe un nouveau concept afin de d\u00e9finir les besoins technique en \u00e9quipement et de r\u00e9aliser le projet technique d\u2019architecture de la cuisine.<\/p>\n<p>[\/vc_column_text][vc_empty_space][\/vc_column_inner][vc_column_inner width=\u00a0\u00bb1\/2&Prime;][vc_single_image image=\u00a0\u00bb378&Prime; img_size=\u00a0\u00bbfull\u00a0\u00bb qode_css_animation=\u00a0\u00bb\u00a0\u00bb][vc_empty_space][\/vc_column_inner][vc_column_inner width=\u00a0\u00bb1\/4&Prime;][\/vc_column_inner][\/vc_row_inner][\/vc_column][\/vc_row]<\/p>\n","protected":false},"excerpt":{"rendered":"<p>[vc_row row_type=\u00a0\u00bbparallax\u00a0\u00bb text_align=\u00a0\u00bbleft\u00a0\u00bb full_screen_section_height=\u00a0\u00bbyes\u00a0\u00bb vertically_align_content_in_middle=\u00a0\u00bbyes\u00a0\u00bb][vc_column][vc_row_inner row_type=\u00a0\u00bbrow\u00a0\u00bb type=\u00a0\u00bbfull_width\u00a0\u00bb use_row_as_full_screen_section_slide=\u00a0\u00bbno\u00a0\u00bb text_align=\u00a0\u00bbleft\u00a0\u00bb css_animation=\u00a0\u00bb\u00a0\u00bb][vc_column_inner width=\u00a0\u00bb1\/4&Prime;][vc_empty_space][vc_column_text] Restaurateurs [\/vc_column_text][vc_empty_space][vc_column_text] Dans ce cas, ma fonction consiste en une collaboration avec le professionnel de la restauration qui d\u00e9veloppe un nouveau concept afin de d\u00e9finir les besoins technique en \u00e9quipement et de r\u00e9aliser le&#8230;<\/p>\n","protected":false},"author":6,"featured_media":0,"parent":1266,"menu_order":0,"comment_status":"closed","ping_status":"closed","template":"","meta":{"footnotes":""},"class_list":["post-1276","page","type-page","status-publish","hentry"],"yoast_head":"<!-- This site is optimized with the Yoast SEO plugin v25.2 - https:\/\/yoast.com\/wordpress\/plugins\/seo\/ -->\n<title>JPM Projects &amp; Consulting | Restaurateurs<\/title>\n<meta name=\"robots\" content=\"index, follow, max-snippet:-1, max-image-preview:large, max-video-preview:-1\" \/>\n<link rel=\"canonical\" href=\"https:\/\/jpm-projects.com\/fr\/services\/restaurateurs\/\" \/>\n<meta property=\"og:locale\" content=\"fr_FR\" \/>\n<meta property=\"og:type\" content=\"article\" \/>\n<meta property=\"og:title\" content=\"JPM Projects &amp; Consulting | Restaurateurs\" \/>\n<meta property=\"og:description\" content=\"[vc_row row_type=\u00a0\u00bbparallax\u00a0\u00bb text_align=\u00a0\u00bbleft\u00a0\u00bb full_screen_section_height=\u00a0\u00bbyes\u00a0\u00bb vertically_align_content_in_middle=\u00a0\u00bbyes\u00a0\u00bb][vc_column][vc_row_inner row_type=\u00a0\u00bbrow\u00a0\u00bb type=\u00a0\u00bbfull_width\u00a0\u00bb use_row_as_full_screen_section_slide=\u00a0\u00bbno\u00a0\u00bb text_align=\u00a0\u00bbleft\u00a0\u00bb css_animation=\u00a0\u00bb\u00a0\u00bb][vc_column_inner width=\u00a0\u00bb1\/4&Prime;][vc_empty_space][vc_column_text] Restaurateurs [\/vc_column_text][vc_empty_space][vc_column_text] Dans ce cas, ma fonction consiste en une collaboration avec le professionnel de la restauration qui d\u00e9veloppe un nouveau concept afin de d\u00e9finir les besoins technique en \u00e9quipement et de r\u00e9aliser le...\" \/>\n<meta property=\"og:url\" content=\"https:\/\/jpm-projects.com\/fr\/services\/restaurateurs\/\" \/>\n<meta property=\"og:site_name\" content=\"JPM Projects &amp; Consulting\" \/>\n<meta property=\"article:modified_time\" content=\"2025-06-05T09:07:47+00:00\" \/>\n<meta name=\"twitter:card\" content=\"summary_large_image\" \/>\n<meta name=\"twitter:label1\" content=\"Dur\u00e9e de lecture estim\u00e9e\" \/>\n\t<meta name=\"twitter:data1\" content=\"1 minute\" \/>\n<script type=\"application\/ld+json\" class=\"yoast-schema-graph\">{\"@context\":\"https:\/\/schema.org\",\"@graph\":[{\"@type\":\"WebPage\",\"@id\":\"https:\/\/jpm-projects.com\/fr\/services\/restaurateurs\/\",\"url\":\"https:\/\/jpm-projects.com\/fr\/services\/restaurateurs\/\",\"name\":\"JPM Projects & Consulting | Restaurateurs\",\"isPartOf\":{\"@id\":\"https:\/\/jpm-projects.com\/fr\/#website\"},\"datePublished\":\"2025-05-28T08:38:26+00:00\",\"dateModified\":\"2025-06-05T09:07:47+00:00\",\"breadcrumb\":{\"@id\":\"https:\/\/jpm-projects.com\/fr\/services\/restaurateurs\/#breadcrumb\"},\"inLanguage\":\"fr-FR\",\"potentialAction\":[{\"@type\":\"ReadAction\",\"target\":[\"https:\/\/jpm-projects.com\/fr\/services\/restaurateurs\/\"]}]},{\"@type\":\"BreadcrumbList\",\"@id\":\"https:\/\/jpm-projects.com\/fr\/services\/restaurateurs\/#breadcrumb\",\"itemListElement\":[{\"@type\":\"ListItem\",\"position\":1,\"name\":\"Portada\",\"item\":\"https:\/\/jpm-projects.com\/fr\/\"},{\"@type\":\"ListItem\",\"position\":2,\"name\":\"Services\",\"item\":\"https:\/\/jpm-projects.com\/fr\/services\/\"},{\"@type\":\"ListItem\",\"position\":3,\"name\":\"Restaurateurs\"}]},{\"@type\":\"WebSite\",\"@id\":\"https:\/\/jpm-projects.com\/fr\/#website\",\"url\":\"https:\/\/jpm-projects.com\/fr\/\",\"name\":\"JPM Projects & Consulting\",\"description\":\"\",\"publisher\":{\"@id\":\"https:\/\/jpm-projects.com\/fr\/#organization\"},\"potentialAction\":[{\"@type\":\"SearchAction\",\"target\":{\"@type\":\"EntryPoint\",\"urlTemplate\":\"https:\/\/jpm-projects.com\/fr\/?s={search_term_string}\"},\"query-input\":{\"@type\":\"PropertyValueSpecification\",\"valueRequired\":true,\"valueName\":\"search_term_string\"}}],\"inLanguage\":\"fr-FR\"},{\"@type\":\"Organization\",\"@id\":\"https:\/\/jpm-projects.com\/fr\/#organization\",\"name\":\"JPM Projects & Consulting\",\"url\":\"https:\/\/jpm-projects.com\/fr\/\",\"logo\":{\"@type\":\"ImageObject\",\"inLanguage\":\"fr-FR\",\"@id\":\"https:\/\/jpm-projects.com\/fr\/#\/schema\/logo\/image\/\",\"url\":\"https:\/\/jpm-projects.com\/wp-content\/uploads\/2024\/02\/jpm.png\",\"contentUrl\":\"https:\/\/jpm-projects.com\/wp-content\/uploads\/2024\/02\/jpm.png\",\"width\":500,\"height\":168,\"caption\":\"JPM Projects & Consulting\"},\"image\":{\"@id\":\"https:\/\/jpm-projects.com\/fr\/#\/schema\/logo\/image\/\"}}]}<\/script>\n<!-- \/ Yoast SEO plugin. -->","yoast_head_json":{"title":"JPM Projects & Consulting | Restaurateurs","robots":{"index":"index","follow":"follow","max-snippet":"max-snippet:-1","max-image-preview":"max-image-preview:large","max-video-preview":"max-video-preview:-1"},"canonical":"https:\/\/jpm-projects.com\/fr\/services\/restaurateurs\/","og_locale":"fr_FR","og_type":"article","og_title":"JPM Projects & Consulting | Restaurateurs","og_description":"[vc_row row_type=\u00a0\u00bbparallax\u00a0\u00bb text_align=\u00a0\u00bbleft\u00a0\u00bb full_screen_section_height=\u00a0\u00bbyes\u00a0\u00bb vertically_align_content_in_middle=\u00a0\u00bbyes\u00a0\u00bb][vc_column][vc_row_inner row_type=\u00a0\u00bbrow\u00a0\u00bb type=\u00a0\u00bbfull_width\u00a0\u00bb use_row_as_full_screen_section_slide=\u00a0\u00bbno\u00a0\u00bb text_align=\u00a0\u00bbleft\u00a0\u00bb css_animation=\u00a0\u00bb\u00a0\u00bb][vc_column_inner width=\u00a0\u00bb1\/4&Prime;][vc_empty_space][vc_column_text] Restaurateurs [\/vc_column_text][vc_empty_space][vc_column_text] Dans ce cas, ma fonction consiste en une collaboration avec le professionnel de la restauration qui d\u00e9veloppe un nouveau concept afin de d\u00e9finir les besoins technique en \u00e9quipement et de r\u00e9aliser le...","og_url":"https:\/\/jpm-projects.com\/fr\/services\/restaurateurs\/","og_site_name":"JPM Projects &amp; Consulting","article_modified_time":"2025-06-05T09:07:47+00:00","twitter_card":"summary_large_image","twitter_misc":{"Dur\u00e9e de lecture estim\u00e9e":"1 minute"},"schema":{"@context":"https:\/\/schema.org","@graph":[{"@type":"WebPage","@id":"https:\/\/jpm-projects.com\/fr\/services\/restaurateurs\/","url":"https:\/\/jpm-projects.com\/fr\/services\/restaurateurs\/","name":"JPM Projects & Consulting | Restaurateurs","isPartOf":{"@id":"https:\/\/jpm-projects.com\/fr\/#website"},"datePublished":"2025-05-28T08:38:26+00:00","dateModified":"2025-06-05T09:07:47+00:00","breadcrumb":{"@id":"https:\/\/jpm-projects.com\/fr\/services\/restaurateurs\/#breadcrumb"},"inLanguage":"fr-FR","potentialAction":[{"@type":"ReadAction","target":["https:\/\/jpm-projects.com\/fr\/services\/restaurateurs\/"]}]},{"@type":"BreadcrumbList","@id":"https:\/\/jpm-projects.com\/fr\/services\/restaurateurs\/#breadcrumb","itemListElement":[{"@type":"ListItem","position":1,"name":"Portada","item":"https:\/\/jpm-projects.com\/fr\/"},{"@type":"ListItem","position":2,"name":"Services","item":"https:\/\/jpm-projects.com\/fr\/services\/"},{"@type":"ListItem","position":3,"name":"Restaurateurs"}]},{"@type":"WebSite","@id":"https:\/\/jpm-projects.com\/fr\/#website","url":"https:\/\/jpm-projects.com\/fr\/","name":"JPM Projects & Consulting","description":"","publisher":{"@id":"https:\/\/jpm-projects.com\/fr\/#organization"},"potentialAction":[{"@type":"SearchAction","target":{"@type":"EntryPoint","urlTemplate":"https:\/\/jpm-projects.com\/fr\/?s={search_term_string}"},"query-input":{"@type":"PropertyValueSpecification","valueRequired":true,"valueName":"search_term_string"}}],"inLanguage":"fr-FR"},{"@type":"Organization","@id":"https:\/\/jpm-projects.com\/fr\/#organization","name":"JPM Projects & Consulting","url":"https:\/\/jpm-projects.com\/fr\/","logo":{"@type":"ImageObject","inLanguage":"fr-FR","@id":"https:\/\/jpm-projects.com\/fr\/#\/schema\/logo\/image\/","url":"https:\/\/jpm-projects.com\/wp-content\/uploads\/2024\/02\/jpm.png","contentUrl":"https:\/\/jpm-projects.com\/wp-content\/uploads\/2024\/02\/jpm.png","width":500,"height":168,"caption":"JPM Projects & Consulting"},"image":{"@id":"https:\/\/jpm-projects.com\/fr\/#\/schema\/logo\/image\/"}}]}},"_links":{"self":[{"href":"https:\/\/jpm-projects.com\/fr\/wp-json\/wp\/v2\/pages\/1276","targetHints":{"allow":["GET"]}}],"collection":[{"href":"https:\/\/jpm-projects.com\/fr\/wp-json\/wp\/v2\/pages"}],"about":[{"href":"https:\/\/jpm-projects.com\/fr\/wp-json\/wp\/v2\/types\/page"}],"author":[{"embeddable":true,"href":"https:\/\/jpm-projects.com\/fr\/wp-json\/wp\/v2\/users\/6"}],"replies":[{"embeddable":true,"href":"https:\/\/jpm-projects.com\/fr\/wp-json\/wp\/v2\/comments?post=1276"}],"version-history":[{"count":3,"href":"https:\/\/jpm-projects.com\/fr\/wp-json\/wp\/v2\/pages\/1276\/revisions"}],"predecessor-version":[{"id":1339,"href":"https:\/\/jpm-projects.com\/fr\/wp-json\/wp\/v2\/pages\/1276\/revisions\/1339"}],"up":[{"embeddable":true,"href":"https:\/\/jpm-projects.com\/fr\/wp-json\/wp\/v2\/pages\/1266"}],"wp:attachment":[{"href":"https:\/\/jpm-projects.com\/fr\/wp-json\/wp\/v2\/media?parent=1276"}],"curies":[{"name":"wp","href":"https:\/\/api.w.org\/{rel}","templated":true}]}}